{"id":9598,"date":"2024-01-08T15:30:56","date_gmt":"2024-01-08T19:30:56","guid":{"rendered":"http:\/\/smartglass-film.com\/informacoes-de-logistica\/"},"modified":"2024-11-23T07:40:04","modified_gmt":"2024-11-23T11:40:04","slug":"loji%cc%87sti%cc%87k-bi%cc%87lgi%cc%87ler-3","status":"publish","type":"page","link":"https:\/\/smartglass-film.com\/tr\/loji%cc%87sti%cc%87k-bi%cc%87lgi%cc%87ler-3\/","title":{"rendered":"Lojistik Bilgi Sistemi"},"content":{"rendered":"<p>\u8bf7\u6839\u636e\u81ea\u5df1\u7684\u9700\u6c42\u6dfb\u52a0\u5185\u5bb9<\/p>","protected":false},"excerpt":{"rendered":"<p>\u8bf7\u6839\u636e\u81ea\u5df1\u7684\u9700\u6c42\u6dfb\u52a0\u5185\u5bb9<\/p>","protected":false},"author":1,"featured_media":0,"parent":0,"menu_order":0,"comment_status":"closed","ping_status":"closed","template":"","meta":{"_acf_changed":false,"_gspb_post_css":"","footnotes":""},"class_list":["post-9598","page","type-page","status-publish","hentry"],"blocksy_meta":{"page_structure_type":"type-3","styles_descriptor":{"styles":{"desktop":"","tablet":"","mobile":""},"google_fonts":[],"version":6}},"yoast_head":"<!-- This site is optimized with the Yoast SEO Premium plugin v23.8 (Yoast SEO v25.0) - https:\/\/yoast.com\/wordpress\/plugins\/seo\/ -->\n<title>Informa\u00e7\u00f5es de log\u00edstica - Smart Glass Film<\/title>\n<meta name=\"robots\" content=\"index, follow, max-snippet:-1, max-image-preview:large, max-video-preview:-1\" \/>\n<link rel=\"canonical\" href=\"https:\/\/limegreen-dogfish-194649.hostingersite.com\/ja\/\u7269\u6d41\u60c5\u5831-2\/\" \/>\n<meta property=\"og:locale\" content=\"tr_TR\" \/>\n<meta property=\"og:type\" content=\"article\" \/>\n<meta property=\"og:title\" content=\"Informa\u00e7\u00f5es de log\u00edstica\" \/>\n<meta property=\"og:description\" content=\"\u8bf7\u6839\u636e\u81ea\u5df1\u7684\u9700\u6c42\u6dfb\u52a0\u5185\u5bb9\" \/>\n<meta property=\"og:url\" content=\"https:\/\/limegreen-dogfish-194649.hostingersite.com\/ja\/\u7269\u6d41\u60c5\u5831-2\/\" \/>\n<meta property=\"og:site_name\" content=\"Smart Glass Film\" \/>\n<meta property=\"article:publisher\" content=\"https:\/\/www.facebook.com\/share\/1Am1Y36xhV\/?mibextid=LQQJ4d\" \/>\n<meta property=\"article:modified_time\" content=\"2024-11-23T11:40:04+00:00\" \/>\n<meta name=\"twitter:card\" content=\"summary_large_image\" \/>\n<meta name=\"twitter:site\" content=\"@smartglassfilm_\" \/>\n<script type=\"application\/ld+json\" class=\"yoast-schema-graph\">{\"@context\":\"https:\/\/schema.org\",\"@graph\":[{\"@type\":\"WebPage\",\"@id\":\"https:\/\/limegreen-dogfish-194649.hostingersite.com\/ja\/%e7%89%a9%e6%b5%81%e6%83%85%e5%a0%b1-2\/\",\"url\":\"https:\/\/limegreen-dogfish-194649.hostingersite.com\/ja\/%e7%89%a9%e6%b5%81%e6%83%85%e5%a0%b1-2\/\",\"name\":\"Informa\u00e7\u00f5es de log\u00edstica - Smart Glass Film\",\"isPartOf\":{\"@id\":\"https:\/\/smartglass-film.com\/pt\/#website\"},\"datePublished\":\"2024-01-08T19:30:56+00:00\",\"dateModified\":\"2024-11-23T11:40:04+00:00\",\"breadcrumb\":{\"@id\":\"https:\/\/limegreen-dogfish-194649.hostingersite.com\/ja\/%e7%89%a9%e6%b5%81%e6%83%85%e5%a0%b1-2\/#breadcrumb\"},\"inLanguage\":\"tr\",\"potentialAction\":[{\"@type\":\"ReadAction\",\"target\":[\"https:\/\/limegreen-dogfish-194649.hostingersite.com\/ja\/%e7%89%a9%e6%b5%81%e6%83%85%e5%a0%b1-2\/\"]}]},{\"@type\":\"BreadcrumbList\",\"@id\":\"https:\/\/limegreen-dogfish-194649.hostingersite.com\/ja\/%e7%89%a9%e6%b5%81%e6%83%85%e5%a0%b1-2\/#breadcrumb\",\"itemListElement\":[{\"@type\":\"ListItem\",\"position\":1,\"name\":\"\u9996\u9875\",\"item\":\"https:\/\/smartglass-film.com\/\"},{\"@type\":\"ListItem\",\"position\":2,\"name\":\"Informa\u00e7\u00f5es de log\u00edstica\"}]},{\"@type\":\"WebSite\",\"@id\":\"https:\/\/smartglass-film.com\/pt\/#website\",\"url\":\"https:\/\/smartglass-film.com\/pt\/\",\"name\":\"Smart Glass Film\",\"description\":\"B2B Smart Film\/Smart Glass Manufacturer\",\"publisher\":{\"@id\":\"https:\/\/smartglass-film.com\/pt\/#organization\"},\"potentialAction\":[{\"@type\":\"SearchAction\",\"target\":{\"@type\":\"EntryPoint\",\"urlTemplate\":\"https:\/\/smartglass-film.com\/pt\/?s={search_term_string}\"},\"query-input\":{\"@type\":\"PropertyValueSpecification\",\"valueRequired\":true,\"valueName\":\"search_term_string\"}}],\"inLanguage\":\"tr\"},{\"@type\":\"Organization\",\"@id\":\"https:\/\/smartglass-film.com\/pt\/#organization\",\"name\":\"Smart Glass Film\",\"url\":\"https:\/\/smartglass-film.com\/pt\/\",\"logo\":{\"@type\":\"ImageObject\",\"inLanguage\":\"tr\",\"@id\":\"https:\/\/smartglass-film.com\/pt\/#\/schema\/logo\/image\/\",\"url\":\"https:\/\/smartglass-film.com\/wp-content\/uploads\/2024\/11\/\u767d\u8272\u6216\u6d45\u8272\u80cc\u666fLOGO1-6.png\",\"contentUrl\":\"https:\/\/smartglass-film.com\/wp-content\/uploads\/2024\/11\/\u767d\u8272\u6216\u6d45\u8272\u80cc\u666fLOGO1-6.png\",\"width\":1178,\"height\":113,\"caption\":\"Smart Glass Film\"},\"image\":{\"@id\":\"https:\/\/smartglass-film.com\/pt\/#\/schema\/logo\/image\/\"},\"sameAs\":[\"https:\/\/www.facebook.com\/share\/1Am1Y36xhV\/?mibextid=LQQJ4d\",\"https:\/\/x.com\/smartglassfilm_\",\"https:\/\/www.instagram.com\/smartglassfilm_pdlc\/profilecard\/?igsh=bjlzdjNwazN0djIz\",\"https:\/\/youtube.com\/@smartglassfilm-pdlc?si=tjiMpDZJMPb-mjQG\",\"https:\/\/www.tiktok.com\/@smartglassfilm_sgf\"]}]}<\/script>\n<!-- \/ Yoast SEO Premium plugin. -->","yoast_head_json":{"title":"Informa\u00e7\u00f5es de log\u00edstica - Smart Glass Film","robots":{"index":"index","follow":"follow","max-snippet":"max-snippet:-1","max-image-preview":"max-image-preview:large","max-video-preview":"max-video-preview:-1"},"canonical":"https:\/\/limegreen-dogfish-194649.hostingersite.com\/ja\/\u7269\u6d41\u60c5\u5831-2\/","og_locale":"tr_TR","og_type":"article","og_title":"Informa\u00e7\u00f5es de log\u00edstica","og_description":"\u8bf7\u6839\u636e\u81ea\u5df1\u7684\u9700\u6c42\u6dfb\u52a0\u5185\u5bb9","og_url":"https:\/\/limegreen-dogfish-194649.hostingersite.com\/ja\/\u7269\u6d41\u60c5\u5831-2\/","og_site_name":"Smart Glass Film","article_publisher":"https:\/\/www.facebook.com\/share\/1Am1Y36xhV\/?mibextid=LQQJ4d","article_modified_time":"2024-11-23T11:40:04+00:00","twitter_card":"summary_large_image","twitter_site":"@smartglassfilm_","schema":{"@context":"https:\/\/schema.org","@graph":[{"@type":"WebPage","@id":"https:\/\/limegreen-dogfish-194649.hostingersite.com\/ja\/%e7%89%a9%e6%b5%81%e6%83%85%e5%a0%b1-2\/","url":"https:\/\/limegreen-dogfish-194649.hostingersite.com\/ja\/%e7%89%a9%e6%b5%81%e6%83%85%e5%a0%b1-2\/","name":"Informa\u00e7\u00f5es de log\u00edstica - Smart Glass Film","isPartOf":{"@id":"https:\/\/smartglass-film.com\/pt\/#website"},"datePublished":"2024-01-08T19:30:56+00:00","dateModified":"2024-11-23T11:40:04+00:00","breadcrumb":{"@id":"https:\/\/limegreen-dogfish-194649.hostingersite.com\/ja\/%e7%89%a9%e6%b5%81%e6%83%85%e5%a0%b1-2\/#breadcrumb"},"inLanguage":"tr","potentialAction":[{"@type":"ReadAction","target":["https:\/\/limegreen-dogfish-194649.hostingersite.com\/ja\/%e7%89%a9%e6%b5%81%e6%83%85%e5%a0%b1-2\/"]}]},{"@type":"BreadcrumbList","@id":"https:\/\/limegreen-dogfish-194649.hostingersite.com\/ja\/%e7%89%a9%e6%b5%81%e6%83%85%e5%a0%b1-2\/#breadcrumb","itemListElement":[{"@type":"ListItem","position":1,"name":"\u9996\u9875","item":"https:\/\/smartglass-film.com\/"},{"@type":"ListItem","position":2,"name":"Informa\u00e7\u00f5es de log\u00edstica"}]},{"@type":"WebSite","@id":"https:\/\/smartglass-film.com\/pt\/#website","url":"https:\/\/smartglass-film.com\/pt\/","name":"Smart Glass Film","description":"B2B Smart Film\/Smart Glass Manufacturer","publisher":{"@id":"https:\/\/smartglass-film.com\/pt\/#organization"},"potentialAction":[{"@type":"SearchAction","target":{"@type":"EntryPoint","urlTemplate":"https:\/\/smartglass-film.com\/pt\/?s={search_term_string}"},"query-input":{"@type":"PropertyValueSpecification","valueRequired":true,"valueName":"search_term_string"}}],"inLanguage":"tr"},{"@type":"Organization","@id":"https:\/\/smartglass-film.com\/pt\/#organization","name":"Smart Glass Film","url":"https:\/\/smartglass-film.com\/pt\/","logo":{"@type":"ImageObject","inLanguage":"tr","@id":"https:\/\/smartglass-film.com\/pt\/#\/schema\/logo\/image\/","url":"https:\/\/smartglass-film.com\/wp-content\/uploads\/2024\/11\/\u767d\u8272\u6216\u6d45\u8272\u80cc\u666fLOGO1-6.png","contentUrl":"https:\/\/smartglass-film.com\/wp-content\/uploads\/2024\/11\/\u767d\u8272\u6216\u6d45\u8272\u80cc\u666fLOGO1-6.png","width":1178,"height":113,"caption":"Smart Glass Film"},"image":{"@id":"https:\/\/smartglass-film.com\/pt\/#\/schema\/logo\/image\/"},"sameAs":["https:\/\/www.facebook.com\/share\/1Am1Y36xhV\/?mibextid=LQQJ4d","https:\/\/x.com\/smartglassfilm_","https:\/\/www.instagram.com\/smartglassfilm_pdlc\/profilecard\/?igsh=bjlzdjNwazN0djIz","https:\/\/youtube.com\/@smartglassfilm-pdlc?si=tjiMpDZJMPb-mjQG","https:\/\/www.tiktok.com\/@smartglassfilm_sgf"]}]}},"acf":[],"_links":{"self":[{"href":"https:\/\/smartglass-film.com\/tr\/wp-json\/wp\/v2\/pages\/9598","targetHints":{"allow":["GET"]}}],"collection":[{"href":"https:\/\/smartglass-film.com\/tr\/wp-json\/wp\/v2\/pages"}],"about":[{"href":"https:\/\/smartglass-film.com\/tr\/wp-json\/wp\/v2\/types\/page"}],"author":[{"embeddable":true,"href":"https:\/\/smartglass-film.com\/tr\/wp-json\/wp\/v2\/users\/1"}],"replies":[{"embeddable":true,"href":"https:\/\/smartglass-film.com\/tr\/wp-json\/wp\/v2\/comments?post=9598"}],"version-history":[{"count":0,"href":"https:\/\/smartglass-film.com\/tr\/wp-json\/wp\/v2\/pages\/9598\/revisions"}],"wp:attachment":[{"href":"https:\/\/smartglass-film.com\/tr\/wp-json\/wp\/v2\/media?parent=9598"}],"curies":[{"name":"wp","href":"https:\/\/api.w.org\/{rel}","templated":true}]}}