{"id":9275,"date":"2023-12-05T15:18:26","date_gmt":"2023-12-05T19:18:26","guid":{"rendered":"http:\/\/smartglass-film.com\/lien-he-voi-chung-toi\/"},"modified":"2024-11-23T07:36:30","modified_gmt":"2024-11-23T11:36:30","slug":"lien-he-voi-chung-toi","status":"publish","type":"page","link":"https:\/\/smartglass-film.com\/pt\/lien-he-voi-chung-toi\/","title":{"rendered":"Li\u00ean h\u1ec7 v\u1edbi ch\u00fang t\u00f4i"},"content":{"rendered":"<div class=\"wp-block-greenshift-blocks-row gspb_row gspb_row-id-gsbp-26a214c gspb_row--gutter-30\" id=\"gspb_row-id-gsbp-26a214c\"><div class=\"gspb_row__content\"> \n<div class=\"wp-block-greenshift-blocks-row-column gspb_row__col--6 gspb_col-id-gsbp-d37f5ec\" id=\"gspb_col-id-gsbp-d37f5ec\">\n<h2 id=\"gspb_heading-id-gsbp-98a037c\" class=\"gspb_heading gspb_heading-id-gsbp-98a037c\">H\u00c3Y GI\u1eee LI\u00caN L\u1ea0C <span class=\"gspb_heading_subtitle\">Ch\u00fang t\u00f4i mong nh\u1eadn \u0111\u01b0\u1ee3c th\u00f4ng tin t\u1eeb b\u1ea1n!<\/span><\/h2>\n\n\n<div class=\"ct-block-wrapper\">\n<div class=\"ct-contact-info-block\" style=\"--theme-icon-size:20px;--items-direction:column;--background-color:rgba(218, 222, 228, 0.5);--background-hover-color:rgba(218, 222, 228, 0.7);\">\n\t\t<ul data-icons-type=\"rounded:outline\">\n\t\t\t\t\t\t\t\t\t\t\t<li>\n\t\t\t\t\t<a href=\"tel:+86-185-8848-0883\" class=\"ct-icon-container\" aria-label=\"TEL: +86-185-8848-0883\" target=\"_blank\" rel=\"noopener noreferrer\"><svg aria-hidden=\"true\"width='15' height='15' viewbox='0 0 15 15'><path d='M12.3 15h-.2c-2.1-.2-4.1-1-5.9-2.1-1.6-1-3.1-2.5-4.1-4.1C1 7 .2 5 0 2.9-.1 1.8.7.8 1.8.7H4c1 0 1.9.7 2 1.7.1.6.2 1.1.4 1.7.3.7.1 1.6-.5 2.1l-.4.4c.7 1.1 1.7 2.1 2.9 2.9l.4-.5c.6-.6 1.4-.7 2.1-.5.6.3 1.1.4 1.7.5 1 .1 1.8 1 1.7 2v2c0 .5-.2 1-.6 1.4-.3.4-.8.6-1.4.6zM4 2.1H2c-.2 0-.3.1-.4.2-.1.1-.1.3-.1.4.2 1.9.8 3.7 1.8 5.3.9 1.5 2.2 2.7 3.7 3.7 1.6 1 3.4 1.7 5.3 1.9.2 0 .3-.1.4-.2.1-.1.2-.2.2-.4v-2c0-.3-.2-.5-.5-.6-.7-.1-1.3-.3-2-.5-.2-.1-.4 0-.6.1l-.8.9c-.2.2-.6.3-.9.1C6.4 10 5 8.6 4 6.9c-.2-.3-.1-.7.1-.9l.8-.8c.2-.2.2-.4.1-.6-.2-.6-.4-1.3-.5-2 0-.3-.2-.5-.5-.5zm7.7 4.5c-.4 0-.7-.2-.7-.6-.2-1-1-1.8-2-2-.4 0-.7-.4-.6-.8.1-.4.5-.7.9-.6 1.6.3 2.8 1.5 3.1 3.1.1.4-.2.8-.6.9h-.1zm2.6 0c-.4 0-.7-.3-.7-.6-.3-2.4-2.2-4.3-4.6-4.5-.4-.1-.7-.5-.6-.9 0-.4.4-.6.8-.6 3.1.3 5.4 2.7 5.8 5.8 0 .4-.3.7-.7.8z'\/><\/svg><\/a>\n\t\t\t\t\t\t\t\t\t\t\t<div class=\"contact-info\">\n\t\t\t\t\t\t\t\t\t\t\t\t\t\t\t<span class=\"contact-title\">\n\t\t\t\t\t\t\t\t\tTEL:\t\t\t\t\t\t\t\t<\/span>\n\t\t\t\t\t\t\t\n\t\t\t\t\t\t\t\t\t\t\t\t\t\t\t<span class=\"contact-text\">\n\t\t\t\t\t\t\t\t\t\t\t\t\t\t\t\t\t\t\t<a href=\"tel:+86-185-8848-0883\" target=\"_blank\" rel=\"noopener noreferrer\">\n\t\t\t\t\t\t\t\t\t\n\t\t\t\t\t\t\t\t\t+86-185-8848-0883\n\t\t\t\t\t\t\t\t\t\t\t\t\t\t\t\t\t\t\t<\/a>\n\t\t\t\t\t\t\t\t\t\t\t\t\t\t\t\t\t<\/span>\n\t\t\t\t\t\t\t\t\t\t\t\t\t<\/div>\n\t\t\t\t\t\t\t\t\t<\/li>\n\t\t\t\t\t\t\t\t\t\t\t<li>\n\t\t\t\t\t<a href=\"tel:+86-185-8848-0883\" class=\"ct-icon-container\" aria-label=\"WhatsApp: +86-185-8848-0883\" target=\"_blank\" rel=\"noopener noreferrer\"><svg aria-hidden=\"true\"width=\"20\" height=\"20\" viewbox=\"0,0,448,512\"><path d=\"M380.9 97.1C339 55.1 283.2 32 223.9 32c-122.4 0-222 99.6-222 222 0 39.1 10.2 77.3 29.6 111L0 480l117.7-30.9c32.4 17.7 68.9 27 106.1 27h.1c122.3 0 224.1-99.6 224.1-222 0-59.3-25.2-115-67.1-157zm-157 341.6c-33.2 0-65.7-8.9-94-25.7l-6.7-4-69.8 18.3L72 359.2l-4.4-7c-18.5-29.4-28.2-63.3-28.2-98.2 0-101.7 82.8-184.5 184.6-184.5 49.3 0 95.6 19.2 130.4 54.1 34.8 34.9 56.2 81.2 56.1 130.5 0 101.8-84.9 184.6-186.6 184.6zm101.2-138.2c-5.5-2.8-32.8-16.2-37.9-18-5.1-1.9-8.8-2.8-12.5 2.8-3.7 5.6-14.3 18-17.6 21.8-3.2 3.7-6.5 4.2-12 1.4-32.6-16.3-54-29.1-75.5-66-5.7-9.8 5.7-9.1 16.3-30.3 1.8-3.7.9-6.9-.5-9.7-1.4-2.8-12.5-30.1-17.1-41.2-4.5-10.8-9.1-9.3-12.5-9.5-3.2-.2-6.9-.2-10.6-.2-3.7 0-9.7 1.4-14.8 6.9-5.1 5.6-19.4 19-19.4 46.3 0 27.3 19.9 53.7 22.6 57.4 2.8 3.7 39.1 59.7 94.8 83.8 35.2 15.2 49 16.5 66.6 13.9 10.7-1.6 32.8-13.4 37.4-26.4 4.6-13 4.6-24.1 3.2-26.4-1.3-2.5-5-3.9-10.5-6.6z\" \/><\/svg><\/a>\n\t\t\t\t\t\t\t\t\t\t\t<div class=\"contact-info\">\n\t\t\t\t\t\t\t\t\t\t\t\t\t\t\t<span class=\"contact-title\">\n\t\t\t\t\t\t\t\t\tWhatsApp:\t\t\t\t\t\t\t\t<\/span>\n\t\t\t\t\t\t\t\n\t\t\t\t\t\t\t\t\t\t\t\t\t\t\t<span class=\"contact-text\">\n\t\t\t\t\t\t\t\t\t\t\t\t\t\t\t\t\t\t\t<a href=\"tel:+86-185-8848-0883\" target=\"_blank\" rel=\"noopener noreferrer\">\n\t\t\t\t\t\t\t\t\t\n\t\t\t\t\t\t\t\t\t+86-185-8848-0883\n\t\t\t\t\t\t\t\t\t\t\t\t\t\t\t\t\t\t\t<\/a>\n\t\t\t\t\t\t\t\t\t\t\t\t\t\t\t\t\t<\/span>\n\t\t\t\t\t\t\t\t\t\t\t\t\t<\/div>\n\t\t\t\t\t\t\t\t\t<\/li>\n\t\t\t\t\t\t\t\t\t\t\t<li>\n\t\t\t\t\t<a href=\"#ct-popup-513\" class=\"ct-icon-container\" aria-label=\"WeChat: +86-185-8848-0883\" target=\"_blank\" rel=\"noopener noreferrer\"><svg aria-hidden=\"true\"width=\"20\" height=\"20\" viewbox=\"0,0,576,512\"><path d=\"M385.2 167.6c6.4 0 12.6.3 18.8 1.1C387.4 90.3 303.3 32 207.7 32 100.5 32 13 104.8 13 197.4c0 53.4 29.3 97.5 77.9 131.6l-19.3 58.6 68-34.1c24.4 4.8 43.8 9.7 68.2 9.7 6.2 0 12.1-.3 18.3-.8-4-12.9-6.2-26.6-6.2-40.8-.1-84.9 72.9-154 165.3-154zm-104.5-52.9c14.5 0 24.2 9.7 24.2 24.4 0 14.5-9.7 24.2-24.2 24.2-14.8 0-29.3-9.7-29.3-24.2.1-14.7 14.6-24.4 29.3-24.4zm-136.4 48.6c-14.5 0-29.3-9.7-29.3-24.2 0-14.8 14.8-24.4 29.3-24.4 14.8 0 24.4 9.7 24.4 24.4 0 14.6-9.6 24.2-24.4 24.2zM563 319.4c0-77.9-77.9-141.3-165.4-141.3-92.7 0-165.4 63.4-165.4 141.3S305 460.7 397.6 460.7c19.3 0 38.9-5.1 58.6-9.9l53.4 29.3-14.8-48.6C534 402.1 563 363.2 563 319.4zm-219.1-24.5c-9.7 0-19.3-9.7-19.3-19.6 0-9.7 9.7-19.3 19.3-19.3 14.8 0 24.4 9.7 24.4 19.3 0 10-9.7 19.6-24.4 19.6zm107.1 0c-9.7 0-19.3-9.7-19.3-19.6 0-9.7 9.7-19.3 19.3-19.3 14.5 0 24.4 9.7 24.4 19.3.1 10-9.9 19.6-24.4 19.6z\" \/><\/svg><\/a>\n\t\t\t\t\t\t\t\t\t\t\t<div class=\"contact-info\">\n\t\t\t\t\t\t\t\t\t\t\t\t\t\t\t<span class=\"contact-title\">\n\t\t\t\t\t\t\t\t\tWeChat:\t\t\t\t\t\t\t\t<\/span>\n\t\t\t\t\t\t\t\n\t\t\t\t\t\t\t\t\t\t\t\t\t\t\t<span class=\"contact-text\">\n\t\t\t\t\t\t\t\t\t\t\t\t\t\t\t\t\t\t\t<a href=\"#ct-popup-513\" target=\"_blank\" rel=\"noopener noreferrer\">\n\t\t\t\t\t\t\t\t\t\n\t\t\t\t\t\t\t\t\t+86-185-8848-0883\n\t\t\t\t\t\t\t\t\t\t\t\t\t\t\t\t\t\t\t<\/a>\n\t\t\t\t\t\t\t\t\t\t\t\t\t\t\t\t\t<\/span>\n\t\t\t\t\t\t\t\t\t\t\t\t\t<\/div>\n\t\t\t\t\t\t\t\t\t<\/li>\n\t\t\t\t\t\t\t\t\t\t\t<li>\n\t\t\t\t\t<a href=\"mailto:i&#110;&#102;o&#064;&#115;mart&#103;&#108;&#097;ss-&#102;i&#108;m&#046;com\" class=\"ct-icon-container\" aria-label=\"Correio eletr\u00f3nico: info@smartglass-film.com\" target=\"_blank\" rel=\"noopener noreferrer\"><svg aria-hidden=\"true\"width='15' height='15' viewbox='0 0 15 15'><path d='M12.8 2.2C11.4.8 9.5 0 7.5 0S3.6.8 2.2 2.2C.8 3.6 0 5.5 0 7.5 0 11.6 3.4 15 7.5 15c1.6 0 3.3-.5 4.6-1.5.3-.2.4-.7.1-1-.2-.3-.7-.4-1-.1-1.1.8-2.4 1.3-3.7 1.3-3.4 0-6.1-2.8-6.1-6.1 0-1.6.6-3.2 1.8-4.3C4.3 2 5.9 1.4 7.5 1.4c1.6 0 3.2.6 4.3 1.8 1.2 1.2 1.8 2.7 1.8 4.3v.7c0 .8-.6 1.4-1.4 1.4s-1.4-.6-1.4-1.4V4.8c0-.4-.3-.7-.7-.7-.4 0-.7.3-.7.7-.4-.4-1.1-.7-1.9-.7-1.9 0-3.4 1.5-3.4 3.4s1.5 3.4 3.4 3.4c1 0 1.9-.5 2.5-1.2.5.7 1.3 1.2 2.2 1.2 1.5 0 2.7-1.2 2.7-2.7v-.7c.1-2-.7-3.9-2.1-5.3zM7.5 9.5c-1.1 0-2-.9-2-2s.9-2 2-2 2 .9 2 2-.9 2-2 2z'\/><\/svg><\/a>\n\t\t\t\t\t\t\t\t\t\t\t<div class=\"contact-info\">\n\t\t\t\t\t\t\t\t\t\t\t\t\t\t\t<span class=\"contact-title\">\n\t\t\t\t\t\t\t\t\tCorreio eletr\u00f3nico:\t\t\t\t\t\t\t\t<\/span>\n\t\t\t\t\t\t\t\n\t\t\t\t\t\t\t\t\t\t\t\t\t\t\t<span class=\"contact-text\">\n\t\t\t\t\t\t\t\t\t\t\t\t\t\t\t\t\t\t\t<a href=\"mailto:i&#110;&#102;o&#64;&#115;mart&#103;&#108;&#97;ss-&#102;i&#108;m&#46;com\" target=\"_blank\" rel=\"noopener noreferrer\">info@smartglass-film.com<\/a>\n\t\t\t\t\t\t\t\t\t\t\t\t\t\t\t\t\t<\/span>\n\t\t\t\t\t\t\t\t\t\t\t\t\t<\/div>\n\t\t\t\t\t\t\t\t\t<\/li>\n\t\t\t\t\t\t\t\t\t\t\t<li>\n\t\t\t\t\t<span class=\"ct-icon-container\"><svg aria-hidden=\"true\"width='15' height='15' viewbox='0 0 15 15'><path d='M7.5,0C3.4,0,0,3.4,0,7.5S3.4,15,7.5,15S15,11.6,15,7.5S11.6,0,7.5,0z M7.5,13.6c-3.4,0-6.1-2.8-6.1-6.1c0-3.4,2.8-6.1,6.1-6.1c3.4,0,6.1,2.8,6.1,6.1C13.6,10.9,10.9,13.6,7.5,13.6z M10.8,9.2c-0.1,0.2-0.4,0.4-0.6,0.4c-0.1,0-0.2,0-0.3-0.1L7.2,8.1C7,8,6.8,7.8,6.8,7.5V4c0-0.4,0.3-0.7,0.7-0.7S8.2,3.6,8.2,4v3.1l2.4,1.2C10.9,8.4,11,8.8,10.8,9.2z'\/><\/svg><\/span>\n\t\t\t\t\t\t\t\t\t\t\t<div class=\"contact-info\">\n\t\t\t\t\t\t\t\t\t\t\t\t\t\t\t<span class=\"contact-title\">\n\t\t\t\t\t\t\t\t\tHor\u00e1rio de funcionamento:\t\t\t\t\t\t\t\t<\/span>\n\t\t\t\t\t\t\t\n\t\t\t\t\t\t\t\t\t\t\t\t\t\t\t<span class=\"contact-text\">\n\t\t\t\t\t\t\t\t\t\n\t\t\t\t\t\t\t\t\tSegunda-feira a sexta-feira (9h - 17h)\n\t\t\t\t\t\t\t\t\t\t\t\t\t\t\t\t\t<\/span>\n\t\t\t\t\t\t\t\t\t\t\t\t\t<\/div>\n\t\t\t\t\t\t\t\t\t<\/li>\n\t\t\t\t\t\t\t\t\t<\/ul>\n\n\t\t<\/div>\n<\/div><\/div>\n\n\n\n<div class=\"wp-block-greenshift-blocks-row-column gspb_row__col--6 gspb_col-id-gsbp-c1745f4\" id=\"gspb_col-id-gsbp-c1745f4\">\n<h2 id=\"gspb_heading-id-gsbp-738882f\" class=\"gspb_heading gspb_heading-id-gsbp-738882f\">E-MAIL PARA O CORREIO ELECTR\u00d3NICO <span class=\"gspb_heading_subtitle\">B\u1ea1n c\u00f3 th\u1ec3 g\u1eedi email cho ch\u00fang t\u00f4i v\u00e0 ch\u00fang t\u00f4i s\u1ebd tr\u1ea3 l\u1eddi b\u1ea1n s\u1edbm nh\u1ea5t c\u00f3 th\u1ec3.<\/span><\/h2>\n\n\n<div class='fluentform ff-inherit-theme-style fluentform_wrapper_1  ff_guten_block'><form data-form_id=\"1\" id=\"fluentform_1\" class=\"frm-fluent-form fluent_form_1 ff-el-form-top ff_form_instance_1_1 ff-form-loading ffs_inherit_theme\" data-form_instance=\"ff_form_instance_1_1\" method=\"POST\" action=\"\" ><fieldset  style=\"border: none!important;margin: 0!important;padding: 0!important;background-color: transparent!important;box-shadow: none!important;outline: none!important; min-inline-size: 100%;\">\n                    <legend class=\"ff_screen_reader_title\" style=\"display: block; margin: 0!important;padding: 0!important;height: 0!important;text-indent: -999999px;width: 0!important;overflow:hidden;\">Formul\u00e1rio de contacto<\/legend>        <div\n                style=\"display: none!important; position: absolute!important; transform: translateX(1000%)!important;\"\n                class=\"ff-el-group ff-hpsf-container\"\n        >\n            <div class=\"ff-el-input--label asterisk-right\">\n                <label for=\"ff_1_item_sf\" aria-label=\"Boletim informativo\">\n                    Boletim informativo                <\/label>\n            <\/div>\n            <div class=\"ff-el-input--content\">\n                <input type=\"text\"\n                       name=\"item_1__fluent_sf\"\n                       class=\"ff-el-form-control\"\n                       id=\"ff_1_item_sf\"\n                \/>\n            <\/div>\n        <\/div>\n        <input type='hidden' name='__fluent_form_embded_post_id' value='9275' \/><input type=\"hidden\" id=\"_fluentform_1_fluentformnonce\" name=\"_fluentform_1_fluentformnonce\" value=\"e19eab0d7d\" \/><input type=\"hidden\" name=\"_wp_http_referer\" value=\"\/pt\/wp-json\/wp\/v2\/pages\/9275\" \/><div data-type=\"name-element\" data-name=\"names\" class=\"ff-field_container ff-name-field-wrapper\" ><div class='ff-t-container'><div class='ff-t-cell'><div class='ff-el-group  ff-el-form-hide_label'><div class=\"ff-el-input--label ff-el-is-required asterisk-right\"><label for='ff_1_names_first_name_' >Nome<\/label><\/div><div class='ff-el-input--content'><input type=\"text\" name=\"names[first_name]\" id=\"ff_1_names_first_name_\" class=\"ff-el-form-control\" placeholder=\"* Nome\" tabindex=\"1\" aria-invalid=\"false\" aria-required=\"true\"><\/div><\/div><\/div><\/div><\/div><div class='ff-el-group ff-el-form-hide_label'><div class=\"ff-el-input--label ff-el-is-required asterisk-right\"><label for='ff_1_email' aria-label=\"Correio eletr\u00f3nico\">Correio eletr\u00f3nico<\/label><\/div><div class='ff-el-input--content'><input type=\"email\" name=\"email\" id=\"ff_1_email\" class=\"ff-el-form-control\" placeholder=\"* Endere\u00e7o de correio eletr\u00f3nico\" data-name=\"email\" tabindex=\"2\"  aria-invalid=\"false\" aria-required=\"true\"><\/div><\/div><div class='ff-el-group ff-el-form-hide_label'><div class=\"ff-el-input--label asterisk-right\"><label for='ff_1_subject' aria-label=\"Assunto\">Assunto<\/label><\/div><div class='ff-el-input--content'><input type=\"text\" name=\"subject\" class=\"ff-el-form-control\" placeholder=\"Assunto\" data-name=\"subject\" tabindex=\"3\" id=\"ff_1_subject\"  aria-invalid=\"false\" aria-required=\"false\"><\/div><\/div><div class='ff-el-group ff-el-form-hide_label'><div class=\"ff-el-input--label ff-el-is-required asterisk-right\"><label for='ff_1_message' aria-label=\"A sua mensagem\">A sua mensagem<\/label><\/div><div class='ff-el-input--content'><textarea aria-invalid=\"false\" aria-required=\"true\" name=\"message\" id=\"ff_1_message\" class=\"ff-el-form-control\" placeholder=\"* A sua mensagem\" rows=\"4\" cols=\"2\" data-name=\"message\" tabindex=\"4\" ><\/textarea><\/div><\/div><div class='ff-el-group ff-text-left ff_submit_btn_wrapper'><button type=\"submit\" class=\"ff-btn ff-btn-submit ff-btn-md ff_btn_no_style\" tabindex=\"5\" >ENVIAR<\/button><\/div><\/fieldset><input type=\"hidden\" name=\"trp-form-language\" value=\"pt\"\/><\/form><div id='fluentform_1_errors' class='ff-errors-in-stack ff_form_instance_1_1 ff-form-loading_errors ff_form_instance_1_1_errors'><\/div><\/div>        <script type=\"text\/javascript\">\n            window.fluent_form_ff_form_instance_1_1 = {\"id\":\"1\",\"settings\":{\"layout\":{\"labelPlacement\":\"top\",\"helpMessagePlacement\":\"with_label\",\"errorMessagePlacement\":\"inline\",\"cssClassName\":\"\",\"asteriskPlacement\":\"asterisk-right\"},\"restrictions\":{\"denyEmptySubmission\":{\"enabled\":false}}},\"form_instance\":\"ff_form_instance_1_1\",\"form_id_selector\":\"fluentform_1\",\"rules\":{\"names[first_name]\":{\"required\":{\"value\":true,\"message\":\"This field is required\",\"global\":false,\"global_message\":\"This field is required\"}},\"names[middle_name]\":{\"required\":{\"value\":false,\"message\":\"This field is required\",\"global\":false,\"global_message\":\"This field is required\"}},\"names[last_name]\":{\"required\":{\"value\":false,\"message\":\"This field is required\",\"global\":false,\"global_message\":\"This field is required\"}},\"email\":{\"required\":{\"value\":true,\"message\":\"This field is required\",\"global\":false,\"global_message\":\"This field is required\"},\"email\":{\"value\":true,\"message\":\"This field must contain a valid email\",\"global\":false,\"global_message\":\"This field must contain a valid email\"}},\"subject\":{\"required\":{\"value\":false,\"message\":\"This field is required\",\"global\":false,\"global_message\":\"This field is required\"}},\"message\":{\"required\":{\"value\":true,\"message\":\"This field is required\",\"global\":false,\"global_message\":\"This field is required\"}}},\"debounce_time\":300};\n                    <\/script>\n        <\/div>\n <\/div><\/div>","protected":false},"excerpt":{"rendered":"","protected":false},"author":1,"featured_media":0,"parent":0,"menu_order":0,"comment_status":"closed","ping_status":"closed","template":"","meta":{"_acf_changed":false,"_gspb_post_css":"#gspb_row-id-gsbp-26a214c{justify-content:space-between;margin-top:0;margin-bottom:0;display:flex;flex-wrap:wrap}#gspb_row-id-gsbp-26a214c>.gspb_row__content{display:flex;justify-content:space-between;margin:0 auto;width:100%;flex-wrap:wrap}.gspb_row{position:relative}div[id^=gspb_col-id]{box-sizing:border-box;position:relative;padding:15px min(3vw,20px)}body.gspb-bodyfront #gspb_row-id-gsbp-26a214c>.gspb_row__content{width:var(--theme-container-width, 1200px);max-width:var(--theme-normal-container-max-width, 1200px)}#gspb_col-id-gsbp-d37f5ec.gspb_row__col--6{width:calc(50% - 15px)}@media (max-width:991.98px){#gspb_col-id-gsbp-d37f5ec.gspb_row__col--6{width:calc(50% - 15px)}}@media (max-width:767.98px){#gspb_col-id-gsbp-d37f5ec.gspb_row__col--6{width:calc(50% - 15px)}}@media (max-width:575.98px){#gspb_col-id-gsbp-d37f5ec.gspb_row__col--6{width:100%}}.gspb_row #gspb_col-id-gsbp-c1745f4.gspb_row__col--6,.gspb_row #gspb_col-id-gsbp-d37f5ec.gspb_row__col--6{padding-right:0;padding-left:0}#gspb_heading-id-gsbp-98a037c{margin-top:0;margin-bottom:30px}#gspb_heading-id-gsbp-98a037c .gspb_heading_subtitle,#gspb_subheading-id-gsbp-98a037c{display:block;font-size:17px;line-height:22px;margin-top:5px;font-weight:400!important}#gspb_col-id-gsbp-c1745f4.gspb_row__col--6{width:calc(50% - 15px)}@media (max-width:991.98px){#gspb_col-id-gsbp-c1745f4.gspb_row__col--6{width:calc(50% - 15px)}}@media (max-width:767.98px){#gspb_col-id-gsbp-c1745f4.gspb_row__col--6{width:calc(50% - 15px)}}@media (max-width:575.98px){#gspb_col-id-gsbp-c1745f4.gspb_row__col--6{width:100%}}#gspb_heading-id-gsbp-738882f{margin-top:0;margin-bottom:30px}#gspb_heading-id-gsbp-738882f .gspb_heading_subtitle,#gspb_subheading-id-gsbp-738882f{display:block;font-size:17px;line-height:22px;margin-top:5px;font-weight:400!important}","footnotes":""},"class_list":["post-9275","page","type-page","status-publish","hentry"],"blocksy_meta":[],"yoast_head":"<!-- This site is optimized with the Yoast SEO Premium plugin v23.8 (Yoast SEO v25.0) - https:\/\/yoast.com\/wordpress\/plugins\/seo\/ -->\n<title>Li\u00ean h\u1ec7 v\u1edbi ch\u00fang t\u00f4i - Smart Glass Film<\/title>\n<meta name=\"robots\" content=\"index, follow, max-snippet:-1, max-image-preview:large, max-video-preview:-1\" \/>\n<link rel=\"canonical\" href=\"https:\/\/smartglass-film.com\/pt\/lien-he-voi-chung-toi\/\" \/>\n<meta property=\"og:locale\" content=\"pt_PT\" \/>\n<meta property=\"og:type\" content=\"article\" \/>\n<meta property=\"og:title\" content=\"Li\u00ean h\u1ec7 v\u1edbi ch\u00fang t\u00f4i\" \/>\n<meta property=\"og:url\" content=\"https:\/\/smartglass-film.com\/pt\/lien-he-voi-chung-toi\/\" \/>\n<meta property=\"og:site_name\" content=\"Smart Glass Film\" \/>\n<meta property=\"article:publisher\" content=\"https:\/\/www.facebook.com\/share\/1Am1Y36xhV\/?mibextid=LQQJ4d\" \/>\n<meta property=\"article:modified_time\" content=\"2024-11-23T11:36:30+00:00\" \/>\n<meta name=\"twitter:card\" content=\"summary_large_image\" \/>\n<meta name=\"twitter:site\" content=\"@smartglassfilm_\" \/>\n<script type=\"application\/ld+json\" class=\"yoast-schema-graph\">{\"@context\":\"https:\/\/schema.org\",\"@graph\":[{\"@type\":\"WebPage\",\"@id\":\"https:\/\/smartglass-film.com\/ru\/%d0%bb%d0%b8%d0%b5%d0%bd-%d1%85%d1%8d-%d0%b2%d0%be%d0%b8-%d1%87%d0%b0%d0%bd%d0%b3-%d1%82%d0%be%d0%b8\/\",\"url\":\"https:\/\/smartglass-film.com\/ru\/%d0%bb%d0%b8%d0%b5%d0%bd-%d1%85%d1%8d-%d0%b2%d0%be%d0%b8-%d1%87%d0%b0%d0%bd%d0%b3-%d1%82%d0%be%d0%b8\/\",\"name\":\"Li\u00ean h\u1ec7 v\u1edbi ch\u00fang t\u00f4i - Smart Glass Film\",\"isPartOf\":{\"@id\":\"https:\/\/smartglass-film.com\/pt\/#website\"},\"datePublished\":\"2023-12-05T19:18:26+00:00\",\"dateModified\":\"2024-11-23T11:36:30+00:00\",\"breadcrumb\":{\"@id\":\"https:\/\/smartglass-film.com\/ru\/%d0%bb%d0%b8%d0%b5%d0%bd-%d1%85%d1%8d-%d0%b2%d0%be%d0%b8-%d1%87%d0%b0%d0%bd%d0%b3-%d1%82%d0%be%d0%b8\/#breadcrumb\"},\"inLanguage\":\"pt-PT\",\"potentialAction\":[{\"@type\":\"ReadAction\",\"target\":[\"https:\/\/smartglass-film.com\/ru\/%d0%bb%d0%b8%d0%b5%d0%bd-%d1%85%d1%8d-%d0%b2%d0%be%d0%b8-%d1%87%d0%b0%d0%bd%d0%b3-%d1%82%d0%be%d0%b8\/\"]}]},{\"@type\":\"BreadcrumbList\",\"@id\":\"https:\/\/smartglass-film.com\/ru\/%d0%bb%d0%b8%d0%b5%d0%bd-%d1%85%d1%8d-%d0%b2%d0%be%d0%b8-%d1%87%d0%b0%d0%bd%d0%b3-%d1%82%d0%be%d0%b8\/#breadcrumb\",\"itemListElement\":[{\"@type\":\"ListItem\",\"position\":1,\"name\":\"\u9996\u9875\",\"item\":\"https:\/\/limegreen-dogfish-194649.hostingersite.com\/es\/\"},{\"@type\":\"ListItem\",\"position\":2,\"name\":\"Li\u00ean h\u1ec7 v\u1edbi ch\u00fang t\u00f4i\"}]},{\"@type\":\"WebSite\",\"@id\":\"https:\/\/smartglass-film.com\/pt\/#website\",\"url\":\"https:\/\/smartglass-film.com\/pt\/\",\"name\":\"Smart Glass Film\",\"description\":\"B2B Smart Film\/Smart Glass Manufacturer\",\"publisher\":{\"@id\":\"https:\/\/smartglass-film.com\/pt\/#organization\"},\"potentialAction\":[{\"@type\":\"SearchAction\",\"target\":{\"@type\":\"EntryPoint\",\"urlTemplate\":\"https:\/\/smartglass-film.com\/pt\/?s={search_term_string}\"},\"query-input\":{\"@type\":\"PropertyValueSpecification\",\"valueRequired\":true,\"valueName\":\"search_term_string\"}}],\"inLanguage\":\"pt-PT\"},{\"@type\":\"Organization\",\"@id\":\"https:\/\/smartglass-film.com\/pt\/#organization\",\"name\":\"Smart Glass Film\",\"url\":\"https:\/\/smartglass-film.com\/pt\/\",\"logo\":{\"@type\":\"ImageObject\",\"inLanguage\":\"pt-PT\",\"@id\":\"https:\/\/smartglass-film.com\/pt\/#\/schema\/logo\/image\/\",\"url\":\"https:\/\/smartglass-film.com\/wp-content\/uploads\/2024\/11\/\u767d\u8272\u6216\u6d45\u8272\u80cc\u666fLOGO1-6.png\",\"contentUrl\":\"https:\/\/smartglass-film.com\/wp-content\/uploads\/2024\/11\/\u767d\u8272\u6216\u6d45\u8272\u80cc\u666fLOGO1-6.png\",\"width\":1178,\"height\":113,\"caption\":\"Smart Glass Film\"},\"image\":{\"@id\":\"https:\/\/smartglass-film.com\/pt\/#\/schema\/logo\/image\/\"},\"sameAs\":[\"https:\/\/www.facebook.com\/share\/1Am1Y36xhV\/?mibextid=LQQJ4d\",\"https:\/\/x.com\/smartglassfilm_\",\"https:\/\/www.instagram.com\/smartglassfilm_pdlc\/profilecard\/?igsh=bjlzdjNwazN0djIz\",\"https:\/\/youtube.com\/@smartglassfilm-pdlc?si=tjiMpDZJMPb-mjQG\",\"https:\/\/www.tiktok.com\/@smartglassfilm_sgf\"]}]}<\/script>\n<!-- \/ Yoast SEO Premium plugin. -->","yoast_head_json":{"title":"Li\u00ean h\u1ec7 v\u1edbi ch\u00fang t\u00f4i - Smart Glass Film","robots":{"index":"index","follow":"follow","max-snippet":"max-snippet:-1","max-image-preview":"max-image-preview:large","max-video-preview":"max-video-preview:-1"},"canonical":"https:\/\/smartglass-film.com\/pt\/lien-he-voi-chung-toi\/","og_locale":"pt_PT","og_type":"article","og_title":"Li\u00ean h\u1ec7 v\u1edbi ch\u00fang t\u00f4i","og_url":"https:\/\/smartglass-film.com\/pt\/lien-he-voi-chung-toi\/","og_site_name":"Smart Glass Film","article_publisher":"https:\/\/www.facebook.com\/share\/1Am1Y36xhV\/?mibextid=LQQJ4d","article_modified_time":"2024-11-23T11:36:30+00:00","twitter_card":"summary_large_image","twitter_site":"@smartglassfilm_","schema":{"@context":"https:\/\/schema.org","@graph":[{"@type":"WebPage","@id":"https:\/\/smartglass-film.com\/ru\/%d0%bb%d0%b8%d0%b5%d0%bd-%d1%85%d1%8d-%d0%b2%d0%be%d0%b8-%d1%87%d0%b0%d0%bd%d0%b3-%d1%82%d0%be%d0%b8\/","url":"https:\/\/smartglass-film.com\/ru\/%d0%bb%d0%b8%d0%b5%d0%bd-%d1%85%d1%8d-%d0%b2%d0%be%d0%b8-%d1%87%d0%b0%d0%bd%d0%b3-%d1%82%d0%be%d0%b8\/","name":"Li\u00ean h\u1ec7 v\u1edbi ch\u00fang t\u00f4i - Smart Glass Film","isPartOf":{"@id":"https:\/\/smartglass-film.com\/pt\/#website"},"datePublished":"2023-12-05T19:18:26+00:00","dateModified":"2024-11-23T11:36:30+00:00","breadcrumb":{"@id":"https:\/\/smartglass-film.com\/ru\/%d0%bb%d0%b8%d0%b5%d0%bd-%d1%85%d1%8d-%d0%b2%d0%be%d0%b8-%d1%87%d0%b0%d0%bd%d0%b3-%d1%82%d0%be%d0%b8\/#breadcrumb"},"inLanguage":"pt-PT","potentialAction":[{"@type":"ReadAction","target":["https:\/\/smartglass-film.com\/ru\/%d0%bb%d0%b8%d0%b5%d0%bd-%d1%85%d1%8d-%d0%b2%d0%be%d0%b8-%d1%87%d0%b0%d0%bd%d0%b3-%d1%82%d0%be%d0%b8\/"]}]},{"@type":"BreadcrumbList","@id":"https:\/\/smartglass-film.com\/ru\/%d0%bb%d0%b8%d0%b5%d0%bd-%d1%85%d1%8d-%d0%b2%d0%be%d0%b8-%d1%87%d0%b0%d0%bd%d0%b3-%d1%82%d0%be%d0%b8\/#breadcrumb","itemListElement":[{"@type":"ListItem","position":1,"name":"\u9996\u9875","item":"https:\/\/limegreen-dogfish-194649.hostingersite.com\/es\/"},{"@type":"ListItem","position":2,"name":"Li\u00ean h\u1ec7 v\u1edbi ch\u00fang t\u00f4i"}]},{"@type":"WebSite","@id":"https:\/\/smartglass-film.com\/pt\/#website","url":"https:\/\/smartglass-film.com\/pt\/","name":"Smart Glass Film","description":"B2B Smart Film\/Smart Glass Manufacturer","publisher":{"@id":"https:\/\/smartglass-film.com\/pt\/#organization"},"potentialAction":[{"@type":"SearchAction","target":{"@type":"EntryPoint","urlTemplate":"https:\/\/smartglass-film.com\/pt\/?s={search_term_string}"},"query-input":{"@type":"PropertyValueSpecification","valueRequired":true,"valueName":"search_term_string"}}],"inLanguage":"pt-PT"},{"@type":"Organization","@id":"https:\/\/smartglass-film.com\/pt\/#organization","name":"Smart Glass Film","url":"https:\/\/smartglass-film.com\/pt\/","logo":{"@type":"ImageObject","inLanguage":"pt-PT","@id":"https:\/\/smartglass-film.com\/pt\/#\/schema\/logo\/image\/","url":"https:\/\/smartglass-film.com\/wp-content\/uploads\/2024\/11\/\u767d\u8272\u6216\u6d45\u8272\u80cc\u666fLOGO1-6.png","contentUrl":"https:\/\/smartglass-film.com\/wp-content\/uploads\/2024\/11\/\u767d\u8272\u6216\u6d45\u8272\u80cc\u666fLOGO1-6.png","width":1178,"height":113,"caption":"Smart Glass Film"},"image":{"@id":"https:\/\/smartglass-film.com\/pt\/#\/schema\/logo\/image\/"},"sameAs":["https:\/\/www.facebook.com\/share\/1Am1Y36xhV\/?mibextid=LQQJ4d","https:\/\/x.com\/smartglassfilm_","https:\/\/www.instagram.com\/smartglassfilm_pdlc\/profilecard\/?igsh=bjlzdjNwazN0djIz","https:\/\/youtube.com\/@smartglassfilm-pdlc?si=tjiMpDZJMPb-mjQG","https:\/\/www.tiktok.com\/@smartglassfilm_sgf"]}]}},"acf":[],"_links":{"self":[{"href":"https:\/\/smartglass-film.com\/pt\/wp-json\/wp\/v2\/pages\/9275","targetHints":{"allow":["GET"]}}],"collection":[{"href":"https:\/\/smartglass-film.com\/pt\/wp-json\/wp\/v2\/pages"}],"about":[{"href":"https:\/\/smartglass-film.com\/pt\/wp-json\/wp\/v2\/types\/page"}],"author":[{"embeddable":true,"href":"https:\/\/smartglass-film.com\/pt\/wp-json\/wp\/v2\/users\/1"}],"replies":[{"embeddable":true,"href":"https:\/\/smartglass-film.com\/pt\/wp-json\/wp\/v2\/comments?post=9275"}],"version-history":[{"count":0,"href":"https:\/\/smartglass-film.com\/pt\/wp-json\/wp\/v2\/pages\/9275\/revisions"}],"wp:attachment":[{"href":"https:\/\/smartglass-film.com\/pt\/wp-json\/wp\/v2\/media?parent=9275"}],"curies":[{"name":"wp","href":"https:\/\/api.w.org\/{rel}","templated":true}]}}